{"id":1819,"date":"2017-05-23T08:42:44","date_gmt":"2017-05-23T08:42:44","guid":{"rendered":"https:\/\/www.hotels-st-raphael.com\/actualites-evenements\/"},"modified":"2024-01-24T16:31:06","modified_gmt":"2024-01-24T14:31:06","slug":"news-saint-raphael","status":"publish","type":"page","link":"https:\/\/www.hotels-st-raphael.com\/en\/news-saint-raphael\/","title":{"rendered":"News &#038; Events"},"content":{"rendered":"<p>Take a few minutes to discover the events of the region and the city Saint-Raphael.\u00a0 The articles are updated following the news of the moment.\u00a0 Find the list of the markets of Saint-Raphael and Frejus.\u00a0 Don\u2019t hesitate to check back regularly for fresh news!<\/p>\n","protected":false},"excerpt":{"rendered":"<p>Take a few minutes to discover the events of the region and the city Saint-Raphael.\u00a0 The articles are updated following the news of the moment.\u00a0 Find the list of the markets of Saint-Raphael and Frejus.\u00a0 Don\u2019t hesitate to check back regularly for fresh news!<\/p>\n","protected":false},"author":3,"featured_media":1485,"parent":0,"menu_order":0,"comment_status":"closed","ping_status":"closed","template":"modeles-de-page\/actualites.php","meta":[],"acf":[],"yoast_head":"<title>Saint-Rapha\u00ebl Hotels News - Hotel St-Rapha\u00ebl<\/title>\n<meta name=\"description\" content=\"Follow all the news of the Hotels of Saint-Rapha\u00ebl, be informed of events and outings taking place in St-Rapha\u00ebl and the surrounding area.\" \/>\n<meta name=\"robots\" content=\"index, follow, max-snippet:-1, max-image-preview:large, max-video-preview:-1\" \/>\n<link rel=\"canonical\" href=\"https:\/\/www.hotels-st-raphael.com\/en\/news-saint-raphael\/\" \/>\n<meta property=\"og:locale\" content=\"en_US\" \/>\n<meta property=\"og:type\" content=\"article\" \/>\n<meta property=\"og:title\" content=\"Saint-Rapha\u00ebl Hotels News - Hotel St-Rapha\u00ebl\" \/>\n<meta property=\"og:description\" content=\"Follow all the news of the Hotels of Saint-Rapha\u00ebl, be informed of events and outings taking place in St-Rapha\u00ebl and the surrounding area.\" \/>\n<meta property=\"og:url\" content=\"https:\/\/www.hotels-st-raphael.com\/en\/news-saint-raphael\/\" \/>\n<meta property=\"og:site_name\" content=\"Hotels St Raphael\" \/>\n<meta property=\"article:publisher\" content=\"https:\/\/www.facebook.com\/hotels.StRaphael\/\" \/>\n<meta property=\"article:modified_time\" content=\"2024-01-24T14:31:06+00:00\" \/>\n<meta property=\"og:image\" content=\"https:\/\/www.hotels-st-raphael.com\/base\/uploads\/2021\/08\/actualites-et-evenements-hotels-saint-raphael.jpg\" \/>\n\t<meta property=\"og:image:width\" content=\"1920\" \/>\n\t<meta property=\"og:image:height\" content=\"996\" \/>\n\t<meta property=\"og:image:type\" content=\"image\/jpeg\" \/>\n<meta name=\"twitter:label1\" content=\"Est. reading time\" \/>\n\t<meta name=\"twitter:data1\" content=\"1 minute\" \/>\n<script type=\"application\/ld+json\" class=\"yoast-schema-graph\">{\"@context\":\"https:\/\/schema.org\",\"@graph\":[{\"@type\":\"WebPage\",\"@id\":\"https:\/\/www.hotels-st-raphael.com\/en\/news-saint-raphael\/\",\"url\":\"https:\/\/www.hotels-st-raphael.com\/en\/news-saint-raphael\/\",\"name\":\"Saint-Rapha\u00ebl Hotels News - Hotel St-Rapha\u00ebl\",\"isPartOf\":{\"@id\":\"https:\/\/www.hotels-st-raphael.com\/#website\"},\"datePublished\":\"2017-05-23T08:42:44+00:00\",\"dateModified\":\"2024-01-24T14:31:06+00:00\",\"description\":\"Follow all the news of the Hotels of Saint-Rapha\u00ebl, be informed of events and outings taking place in St-Rapha\u00ebl and the surrounding area.\",\"breadcrumb\":{\"@id\":\"https:\/\/www.hotels-st-raphael.com\/en\/news-saint-raphael\/#breadcrumb\"},\"inLanguage\":\"en-US\",\"potentialAction\":[{\"@type\":\"ReadAction\",\"target\":[\"https:\/\/www.hotels-st-raphael.com\/en\/news-saint-raphael\/\"]}]},{\"@type\":\"BreadcrumbList\",\"@id\":\"https:\/\/www.hotels-st-raphael.com\/en\/news-saint-raphael\/#breadcrumb\",\"itemListElement\":[{\"@type\":\"ListItem\",\"position\":1,\"name\":\"Accueil\",\"item\":\"https:\/\/www.hotels-st-raphael.com\/en\/\"},{\"@type\":\"ListItem\",\"position\":2,\"name\":\"News &#038; Events\"}]},{\"@type\":\"WebSite\",\"@id\":\"https:\/\/www.hotels-st-raphael.com\/#website\",\"url\":\"https:\/\/www.hotels-st-raphael.com\/\",\"name\":\"Hotels St Raphael\",\"description\":\".\",\"publisher\":{\"@id\":\"https:\/\/www.hotels-st-raphael.com\/#organization\"},\"potentialAction\":[{\"@type\":\"SearchAction\",\"target\":{\"@type\":\"EntryPoint\",\"urlTemplate\":\"https:\/\/www.hotels-st-raphael.com\/?s={search_term_string}\"},\"query-input\":\"required name=search_term_string\"}],\"inLanguage\":\"en-US\"},{\"@type\":\"Organization\",\"@id\":\"https:\/\/www.hotels-st-raphael.com\/#organization\",\"name\":\"Les H\u00f4tels de Saint-Rapha\u00ebl\",\"url\":\"https:\/\/www.hotels-st-raphael.com\/\",\"logo\":{\"@type\":\"ImageObject\",\"inLanguage\":\"en-US\",\"@id\":\"https:\/\/www.hotels-st-raphael.com\/#\/schema\/logo\/image\/\",\"url\":\"https:\/\/www.hotels-st-raphael.com\/base\/uploads\/2021\/07\/hotels-st-raphael.png\",\"contentUrl\":\"https:\/\/www.hotels-st-raphael.com\/base\/uploads\/2021\/07\/hotels-st-raphael.png\",\"width\":211,\"height\":90,\"caption\":\"Les H\u00f4tels de Saint-Rapha\u00ebl\"},\"image\":{\"@id\":\"https:\/\/www.hotels-st-raphael.com\/#\/schema\/logo\/image\/\"},\"sameAs\":[\"https:\/\/www.facebook.com\/hotels.StRaphael\/\",\"https:\/\/twitter.com\/HotelsSt\",\"https:\/\/www.instagram.com\/hotels.straphael\/\"]}]}<\/script>","yoast_head_json":{"title":"Saint-Rapha\u00ebl Hotels News - Hotel St-Rapha\u00ebl","description":"Follow all the news of the Hotels of Saint-Rapha\u00ebl, be informed of events and outings taking place in St-Rapha\u00ebl and the surrounding area.","robots":{"index":"index","follow":"follow","max-snippet":"max-snippet:-1","max-image-preview":"max-image-preview:large","max-video-preview":"max-video-preview:-1"},"canonical":"https:\/\/www.hotels-st-raphael.com\/en\/news-saint-raphael\/","og_locale":"en_US","og_type":"article","og_title":"Saint-Rapha\u00ebl Hotels News - Hotel St-Rapha\u00ebl","og_description":"Follow all the news of the Hotels of Saint-Rapha\u00ebl, be informed of events and outings taking place in St-Rapha\u00ebl and the surrounding area.","og_url":"https:\/\/www.hotels-st-raphael.com\/en\/news-saint-raphael\/","og_site_name":"Hotels St Raphael","article_publisher":"https:\/\/www.facebook.com\/hotels.StRaphael\/","article_modified_time":"2024-01-24T14:31:06+00:00","og_image":[{"width":1920,"height":996,"url":"https:\/\/www.hotels-st-raphael.com\/base\/uploads\/2021\/08\/actualites-et-evenements-hotels-saint-raphael.jpg","type":"image\/jpeg"}],"twitter_misc":{"Est. reading time":"1 minute"},"schema":{"@context":"https:\/\/schema.org","@graph":[{"@type":"WebPage","@id":"https:\/\/www.hotels-st-raphael.com\/en\/news-saint-raphael\/","url":"https:\/\/www.hotels-st-raphael.com\/en\/news-saint-raphael\/","name":"Saint-Rapha\u00ebl Hotels News - Hotel St-Rapha\u00ebl","isPartOf":{"@id":"https:\/\/www.hotels-st-raphael.com\/#website"},"datePublished":"2017-05-23T08:42:44+00:00","dateModified":"2024-01-24T14:31:06+00:00","description":"Follow all the news of the Hotels of Saint-Rapha\u00ebl, be informed of events and outings taking place in St-Rapha\u00ebl and the surrounding area.","breadcrumb":{"@id":"https:\/\/www.hotels-st-raphael.com\/en\/news-saint-raphael\/#breadcrumb"},"inLanguage":"en-US","potentialAction":[{"@type":"ReadAction","target":["https:\/\/www.hotels-st-raphael.com\/en\/news-saint-raphael\/"]}]},{"@type":"BreadcrumbList","@id":"https:\/\/www.hotels-st-raphael.com\/en\/news-saint-raphael\/#breadcrumb","itemListElement":[{"@type":"ListItem","position":1,"name":"Accueil","item":"https:\/\/www.hotels-st-raphael.com\/en\/"},{"@type":"ListItem","position":2,"name":"News &#038; Events"}]},{"@type":"WebSite","@id":"https:\/\/www.hotels-st-raphael.com\/#website","url":"https:\/\/www.hotels-st-raphael.com\/","name":"Hotels St Raphael","description":".","publisher":{"@id":"https:\/\/www.hotels-st-raphael.com\/#organization"},"potentialAction":[{"@type":"SearchAction","target":{"@type":"EntryPoint","urlTemplate":"https:\/\/www.hotels-st-raphael.com\/?s={search_term_string}"},"query-input":"required name=search_term_string"}],"inLanguage":"en-US"},{"@type":"Organization","@id":"https:\/\/www.hotels-st-raphael.com\/#organization","name":"Les H\u00f4tels de Saint-Rapha\u00ebl","url":"https:\/\/www.hotels-st-raphael.com\/","logo":{"@type":"ImageObject","inLanguage":"en-US","@id":"https:\/\/www.hotels-st-raphael.com\/#\/schema\/logo\/image\/","url":"https:\/\/www.hotels-st-raphael.com\/base\/uploads\/2021\/07\/hotels-st-raphael.png","contentUrl":"https:\/\/www.hotels-st-raphael.com\/base\/uploads\/2021\/07\/hotels-st-raphael.png","width":211,"height":90,"caption":"Les H\u00f4tels de Saint-Rapha\u00ebl"},"image":{"@id":"https:\/\/www.hotels-st-raphael.com\/#\/schema\/logo\/image\/"},"sameAs":["https:\/\/www.facebook.com\/hotels.StRaphael\/","https:\/\/twitter.com\/HotelsSt","https:\/\/www.instagram.com\/hotels.straphael\/"]}]}},"_links":{"self":[{"href":"https:\/\/www.hotels-st-raphael.com\/en\/wp-json\/wp\/v2\/pages\/1819"}],"collection":[{"href":"https:\/\/www.hotels-st-raphael.com\/en\/wp-json\/wp\/v2\/pages"}],"about":[{"href":"https:\/\/www.hotels-st-raphael.com\/en\/wp-json\/wp\/v2\/types\/page"}],"author":[{"embeddable":true,"href":"https:\/\/www.hotels-st-raphael.com\/en\/wp-json\/wp\/v2\/users\/3"}],"replies":[{"embeddable":true,"href":"https:\/\/www.hotels-st-raphael.com\/en\/wp-json\/wp\/v2\/comments?post=1819"}],"version-history":[{"count":3,"href":"https:\/\/www.hotels-st-raphael.com\/en\/wp-json\/wp\/v2\/pages\/1819\/revisions"}],"predecessor-version":[{"id":2609,"href":"https:\/\/www.hotels-st-raphael.com\/en\/wp-json\/wp\/v2\/pages\/1819\/revisions\/2609"}],"wp:featuredmedia":[{"embeddable":true,"href":"https:\/\/www.hotels-st-raphael.com\/en\/wp-json\/wp\/v2\/media\/1485"}],"wp:attachment":[{"href":"https:\/\/www.hotels-st-raphael.com\/en\/wp-json\/wp\/v2\/media?parent=1819"}],"curies":[{"name":"wp","href":"https:\/\/api.w.org\/{rel}","templated":true}]}}