{"id":1815,"date":"2021-07-29T10:32:27","date_gmt":"2021-07-29T08:32:27","guid":{"rendered":"https:\/\/www.hotels-st-raphael.com\/a-voir-aux-alentours\/"},"modified":"2024-01-24T16:32:15","modified_gmt":"2024-01-24T14:32:15","slug":"visit-saint-raphael-surroundings","status":"publish","type":"page","link":"https:\/\/www.hotels-st-raphael.com\/en\/visit-saint-raphael-surroundings\/","title":{"rendered":"What to see around Saint Raphael"},"content":{"rendered":"","protected":false},"excerpt":{"rendered":"","protected":false},"author":3,"featured_media":1479,"parent":0,"menu_order":0,"comment_status":"closed","ping_status":"closed","template":"modeles-de-page\/alentours.php","meta":[],"acf":[],"yoast_head":"<title>Visit St-Rapha\u00ebl and its surroundings - Saint-Rapha\u00ebl Hotels<\/title>\n<meta name=\"description\" content=\"Visit St-Rapha\u00ebl and its surroundings on foot or a few minutes by car depending on the hotel where you will be staying, thanks to this guide.\" \/>\n<meta name=\"robots\" content=\"index, follow, max-snippet:-1, max-image-preview:large, max-video-preview:-1\" \/>\n<link rel=\"canonical\" href=\"https:\/\/www.hotels-st-raphael.com\/en\/visit-saint-raphael-surroundings\/\" \/>\n<meta property=\"og:locale\" content=\"en_US\" \/>\n<meta property=\"og:type\" content=\"article\" \/>\n<meta property=\"og:title\" content=\"Visit St-Rapha\u00ebl and its surroundings - Saint-Rapha\u00ebl Hotels\" \/>\n<meta property=\"og:description\" content=\"Visit St-Rapha\u00ebl and its surroundings on foot or a few minutes by car depending on the hotel where you will be staying, thanks to this guide.\" \/>\n<meta property=\"og:url\" content=\"https:\/\/www.hotels-st-raphael.com\/en\/visit-saint-raphael-surroundings\/\" \/>\n<meta property=\"og:site_name\" content=\"Hotels St Raphael\" \/>\n<meta property=\"article:publisher\" content=\"https:\/\/www.facebook.com\/hotels.StRaphael\/\" \/>\n<meta property=\"article:modified_time\" content=\"2024-01-24T14:32:15+00:00\" \/>\n<meta property=\"og:image\" content=\"https:\/\/www.hotels-st-raphael.com\/base\/uploads\/2021\/08\/aux-alentours-des-hotels-saint-raphael.jpg\" \/>\n\t<meta property=\"og:image:width\" content=\"1920\" \/>\n\t<meta property=\"og:image:height\" content=\"1020\" \/>\n\t<meta property=\"og:image:type\" content=\"image\/jpeg\" \/>\n<script type=\"application\/ld+json\" class=\"yoast-schema-graph\">{\"@context\":\"https:\/\/schema.org\",\"@graph\":[{\"@type\":\"WebPage\",\"@id\":\"https:\/\/www.hotels-st-raphael.com\/en\/visit-saint-raphael-surroundings\/\",\"url\":\"https:\/\/www.hotels-st-raphael.com\/en\/visit-saint-raphael-surroundings\/\",\"name\":\"Visit St-Rapha\u00ebl and its surroundings - Saint-Rapha\u00ebl Hotels\",\"isPartOf\":{\"@id\":\"https:\/\/www.hotels-st-raphael.com\/#website\"},\"datePublished\":\"2021-07-29T08:32:27+00:00\",\"dateModified\":\"2024-01-24T14:32:15+00:00\",\"description\":\"Visit St-Rapha\u00ebl and its surroundings on foot or a few minutes by car depending on the hotel where you will be staying, thanks to this guide.\",\"breadcrumb\":{\"@id\":\"https:\/\/www.hotels-st-raphael.com\/en\/visit-saint-raphael-surroundings\/#breadcrumb\"},\"inLanguage\":\"en-US\",\"potentialAction\":[{\"@type\":\"ReadAction\",\"target\":[\"https:\/\/www.hotels-st-raphael.com\/en\/visit-saint-raphael-surroundings\/\"]}]},{\"@type\":\"BreadcrumbList\",\"@id\":\"https:\/\/www.hotels-st-raphael.com\/en\/visit-saint-raphael-surroundings\/#breadcrumb\",\"itemListElement\":[{\"@type\":\"ListItem\",\"position\":1,\"name\":\"Accueil\",\"item\":\"https:\/\/www.hotels-st-raphael.com\/en\/\"},{\"@type\":\"ListItem\",\"position\":2,\"name\":\"What to see around Saint Raphael\"}]},{\"@type\":\"WebSite\",\"@id\":\"https:\/\/www.hotels-st-raphael.com\/#website\",\"url\":\"https:\/\/www.hotels-st-raphael.com\/\",\"name\":\"Hotels St Raphael\",\"description\":\".\",\"publisher\":{\"@id\":\"https:\/\/www.hotels-st-raphael.com\/#organization\"},\"potentialAction\":[{\"@type\":\"SearchAction\",\"target\":{\"@type\":\"EntryPoint\",\"urlTemplate\":\"https:\/\/www.hotels-st-raphael.com\/?s={search_term_string}\"},\"query-input\":\"required name=search_term_string\"}],\"inLanguage\":\"en-US\"},{\"@type\":\"Organization\",\"@id\":\"https:\/\/www.hotels-st-raphael.com\/#organization\",\"name\":\"Les H\u00f4tels de Saint-Rapha\u00ebl\",\"url\":\"https:\/\/www.hotels-st-raphael.com\/\",\"logo\":{\"@type\":\"ImageObject\",\"inLanguage\":\"en-US\",\"@id\":\"https:\/\/www.hotels-st-raphael.com\/#\/schema\/logo\/image\/\",\"url\":\"https:\/\/www.hotels-st-raphael.com\/base\/uploads\/2021\/07\/hotels-st-raphael.png\",\"contentUrl\":\"https:\/\/www.hotels-st-raphael.com\/base\/uploads\/2021\/07\/hotels-st-raphael.png\",\"width\":211,\"height\":90,\"caption\":\"Les H\u00f4tels de Saint-Rapha\u00ebl\"},\"image\":{\"@id\":\"https:\/\/www.hotels-st-raphael.com\/#\/schema\/logo\/image\/\"},\"sameAs\":[\"https:\/\/www.facebook.com\/hotels.StRaphael\/\",\"https:\/\/twitter.com\/HotelsSt\",\"https:\/\/www.instagram.com\/hotels.straphael\/\"]}]}<\/script>","yoast_head_json":{"title":"Visit St-Rapha\u00ebl and its surroundings - Saint-Rapha\u00ebl Hotels","description":"Visit St-Rapha\u00ebl and its surroundings on foot or a few minutes by car depending on the hotel where you will be staying, thanks to this guide.","robots":{"index":"index","follow":"follow","max-snippet":"max-snippet:-1","max-image-preview":"max-image-preview:large","max-video-preview":"max-video-preview:-1"},"canonical":"https:\/\/www.hotels-st-raphael.com\/en\/visit-saint-raphael-surroundings\/","og_locale":"en_US","og_type":"article","og_title":"Visit St-Rapha\u00ebl and its surroundings - Saint-Rapha\u00ebl Hotels","og_description":"Visit St-Rapha\u00ebl and its surroundings on foot or a few minutes by car depending on the hotel where you will be staying, thanks to this guide.","og_url":"https:\/\/www.hotels-st-raphael.com\/en\/visit-saint-raphael-surroundings\/","og_site_name":"Hotels St Raphael","article_publisher":"https:\/\/www.facebook.com\/hotels.StRaphael\/","article_modified_time":"2024-01-24T14:32:15+00:00","og_image":[{"width":1920,"height":1020,"url":"https:\/\/www.hotels-st-raphael.com\/base\/uploads\/2021\/08\/aux-alentours-des-hotels-saint-raphael.jpg","type":"image\/jpeg"}],"schema":{"@context":"https:\/\/schema.org","@graph":[{"@type":"WebPage","@id":"https:\/\/www.hotels-st-raphael.com\/en\/visit-saint-raphael-surroundings\/","url":"https:\/\/www.hotels-st-raphael.com\/en\/visit-saint-raphael-surroundings\/","name":"Visit St-Rapha\u00ebl and its surroundings - Saint-Rapha\u00ebl Hotels","isPartOf":{"@id":"https:\/\/www.hotels-st-raphael.com\/#website"},"datePublished":"2021-07-29T08:32:27+00:00","dateModified":"2024-01-24T14:32:15+00:00","description":"Visit St-Rapha\u00ebl and its surroundings on foot or a few minutes by car depending on the hotel where you will be staying, thanks to this guide.","breadcrumb":{"@id":"https:\/\/www.hotels-st-raphael.com\/en\/visit-saint-raphael-surroundings\/#breadcrumb"},"inLanguage":"en-US","potentialAction":[{"@type":"ReadAction","target":["https:\/\/www.hotels-st-raphael.com\/en\/visit-saint-raphael-surroundings\/"]}]},{"@type":"BreadcrumbList","@id":"https:\/\/www.hotels-st-raphael.com\/en\/visit-saint-raphael-surroundings\/#breadcrumb","itemListElement":[{"@type":"ListItem","position":1,"name":"Accueil","item":"https:\/\/www.hotels-st-raphael.com\/en\/"},{"@type":"ListItem","position":2,"name":"What to see around Saint Raphael"}]},{"@type":"WebSite","@id":"https:\/\/www.hotels-st-raphael.com\/#website","url":"https:\/\/www.hotels-st-raphael.com\/","name":"Hotels St Raphael","description":".","publisher":{"@id":"https:\/\/www.hotels-st-raphael.com\/#organization"},"potentialAction":[{"@type":"SearchAction","target":{"@type":"EntryPoint","urlTemplate":"https:\/\/www.hotels-st-raphael.com\/?s={search_term_string}"},"query-input":"required name=search_term_string"}],"inLanguage":"en-US"},{"@type":"Organization","@id":"https:\/\/www.hotels-st-raphael.com\/#organization","name":"Les H\u00f4tels de Saint-Rapha\u00ebl","url":"https:\/\/www.hotels-st-raphael.com\/","logo":{"@type":"ImageObject","inLanguage":"en-US","@id":"https:\/\/www.hotels-st-raphael.com\/#\/schema\/logo\/image\/","url":"https:\/\/www.hotels-st-raphael.com\/base\/uploads\/2021\/07\/hotels-st-raphael.png","contentUrl":"https:\/\/www.hotels-st-raphael.com\/base\/uploads\/2021\/07\/hotels-st-raphael.png","width":211,"height":90,"caption":"Les H\u00f4tels de Saint-Rapha\u00ebl"},"image":{"@id":"https:\/\/www.hotels-st-raphael.com\/#\/schema\/logo\/image\/"},"sameAs":["https:\/\/www.facebook.com\/hotels.StRaphael\/","https:\/\/twitter.com\/HotelsSt","https:\/\/www.instagram.com\/hotels.straphael\/"]}]}},"_links":{"self":[{"href":"https:\/\/www.hotels-st-raphael.com\/en\/wp-json\/wp\/v2\/pages\/1815"}],"collection":[{"href":"https:\/\/www.hotels-st-raphael.com\/en\/wp-json\/wp\/v2\/pages"}],"about":[{"href":"https:\/\/www.hotels-st-raphael.com\/en\/wp-json\/wp\/v2\/types\/page"}],"author":[{"embeddable":true,"href":"https:\/\/www.hotels-st-raphael.com\/en\/wp-json\/wp\/v2\/users\/3"}],"replies":[{"embeddable":true,"href":"https:\/\/www.hotels-st-raphael.com\/en\/wp-json\/wp\/v2\/comments?post=1815"}],"version-history":[{"count":4,"href":"https:\/\/www.hotels-st-raphael.com\/en\/wp-json\/wp\/v2\/pages\/1815\/revisions"}],"predecessor-version":[{"id":2669,"href":"https:\/\/www.hotels-st-raphael.com\/en\/wp-json\/wp\/v2\/pages\/1815\/revisions\/2669"}],"wp:featuredmedia":[{"embeddable":true,"href":"https:\/\/www.hotels-st-raphael.com\/en\/wp-json\/wp\/v2\/media\/1479"}],"wp:attachment":[{"href":"https:\/\/www.hotels-st-raphael.com\/en\/wp-json\/wp\/v2\/media?parent=1815"}],"curies":[{"name":"wp","href":"https:\/\/api.w.org\/{rel}","templated":true}]}}